{"id":83,"date":"2022-10-31T15:21:10","date_gmt":"2022-10-31T15:21:10","guid":{"rendered":"https:\/\/gdprism.eu\/?page_id=83"},"modified":"2024-01-31T08:20:06","modified_gmt":"2024-01-31T08:20:06","slug":"kostenloses-e-learning-und-materialien-zum-datenschutz","status":"publish","type":"page","link":"https:\/\/gdprism.eu\/el\/","title":{"rendered":"Intro"},"content":{"rendered":"<h1>DSGVO ojemine&#8230;<\/h1>\n<h2>Praktischer Datenschutz in der Aus- und Weiterbildung und in Projekten<br \/>\nUnterst\u00fctzung f\u00fcr europ\u00e4ische Organisationen<\/h2>\n<p>Datenschutz ist in aller Munde. Datenschutz hier, Datenschutz da. Der Datenschutz verschafft uns als Nutzerinnen und Nutzer, Verbraucherinnen und Verbraucher, bestimmte Rechte zum Schutz unserer personenbezogenen Daten. Gleichzeitig bringt er f\u00fcr Unternehmen und Organisationen auch Pflichten bei der Verarbeitung von personenbezogenen Daten. Diese Rechte und Pflichten sind seit 2018 in der europ\u00e4ischen Datenschutzgrundverordnung (DSGVO) verankert.<\/p>\n<p>Doch was bedeuten diese Regelungen f\u00fcr mich pers\u00f6nlich und f\u00fcr meinen Berufsalltag? An dieser Stelle wollen wir sie bei der datenschutzkonformen Planung und Durchf\u00fchrung ihrer Projekte sowie Aus- und Weiterbildungsangebote unterst\u00fctzen. Dazu geh\u00f6ren Unterrichtsmaterialien zur Sensibilisierung f\u00fcr Datenschutzfragen sowie ein Leitfaden f\u00fcr den Umgang mit Projektdaten und Teilnehmerdaten. Dar\u00fcber hinaus stellen wir ihnen eine Auswahl geeigneter Online-Tools zur Unterrichtsvorbereitung, -durchf\u00fchrung und -nachbereitung vor.<\/p>\n<p>Im Rahmen dieses Projekts finden Sie konkrete Anleitungen, Checklisten und bew\u00e4hrte Praktiken, die helfen, die Datenschutzbestimmungen im Alltag zu ber\u00fccksichtigen und Datenschutz als zentrales Thema bereits in der Projektplanung zu verankern. Langfristig wollen wir ihre Mitarbeiter und ihre Organisation auf das Thema Datenschutz sensibilisieren.<\/p>\n<p>Denn:<\/p>\n<p>J\u00f6rg Tauss, deutscher Politiker, 1953<\/p>\n<p>\u201eDatenschutz ist kein l\u00e4stiges Anh\u00e4ngsel, er ist keine \u00fcberfl\u00fcssige B\u00fcrokratie, er ist Voraussetzung daf\u00fcr, dass auch in der Informationsgesellschaft das Recht auf informationelle Selbstbestimmung durchgesetzt werden kann.\u201c<\/p>\n<p>Umfrage Datenschutz<\/p>\n<p style=\"text-align: center;\">Was halten sie pers\u00f6nlich vom Datenschutz und welche Rolle spielt er in ihrem Berufsalltag? Die Umfrage richtet sich an Mitarbeitende aus dem Bildungsbereich und ist v\u00f6llig anonym.<\/p>\n<p>mehr Informationen<\/p>\n<p style=\"text-align: center;\">Status: &#8220;In Umsetzung&#8221;<\/p>\n<p style=\"text-align: center;\">Das Projekt befindet sich aktuell in Umsetzung. Mit ersten Ergebnissen ist Mitte 2023 zu rechnen.<\/p>\n<p><strong>Letzte Beitr\u00e4ge:<\/strong><\/p>\n<p>Konkrete Anleitungen, Checklisten, Informationen zu bew\u00e4hrten Praktiken sowie ein e-Lerning Modul zum Thema Datenschutz<\/p>\n<p>Hintergrundinformationen zum Projekt: Laufzeit, Zielgruppen sowie detaillierte Informationen zu den Projektzielen und Projektinhalten<\/p>\n<p>https:\/\/gdprism.eu\/wp-content\/uploads\/2022\/10\/logosbeneficaireserasmusright_en2.jpg<\/p>\n<p>Die Unterst\u00fctzung der Europ\u00e4ischen Kommission f\u00fcr die Erstellung dieser Ver\u00f6ffentlichung stellt keine Billigung des Inhalts dar, der ausschlie\u00dflich die Meinung der Autoren wiedergibt, und die Kommission kann nicht f\u00fcr die Verwendung der darin enthaltenen Informationen verantwortlich gemacht werden.<\/p>\n","protected":false},"excerpt":{"rendered":"<p>DSGVO ojemine&#8230; Praktischer Datenschutz in der Aus- und Weiterbildung und in Projekten Unterst\u00fctzung f\u00fcr europ\u00e4ische Organisationen Datenschutz ist in aller Munde. Datenschutz hier, Datenschutz da. Der Datenschutz verschafft uns als Nutzerinnen und Nutzer, Verbraucherinnen und Verbraucher, bestimmte Rechte zum Schutz unserer personenbezogenen Daten. Gleichzeitig bringt er f\u00fcr Unternehmen und Organisationen auch Pflichten bei der Verarbeitung [&hellip;]<\/p>\n","protected":false},"author":1,"featured_media":576,"parent":0,"menu_order":0,"comment_status":"closed","ping_status":"closed","template":"","meta":{"_themeisle_gutenberg_block_has_review":false,"footnotes":""},"class_list":["post-83","page","type-page","status-publish","has-post-thumbnail","hentry"],"yoast_head":"<!-- This site is optimized with the Yoast SEO plugin v26.7 - https:\/\/yoast.com\/wordpress\/plugins\/seo\/ -->\n<title>Intro - GDPRism<\/title>\n<meta name=\"description\" content=\"GDPRism unterst\u00fctzt alle Interessierten bei der datenschutzkonformen Planung und Durchf\u00fchrung von Projekten. Wir haben hierzu ein umfangreiches und kostenfreies E-Learning entwickelt - inklusive einer Toolbox, die eine Reihe an Vorlagen und Checklisten zur freien Verwendung enth\u00e4lt\" \/>\n<meta name=\"robots\" content=\"index, follow, max-snippet:-1, max-image-preview:large, max-video-preview:-1\" \/>\n<link rel=\"canonical\" href=\"https:\/\/gdprism.eu\/el\/\" \/>\n<meta property=\"og:locale\" content=\"el_GR\" \/>\n<meta property=\"og:type\" content=\"article\" \/>\n<meta property=\"og:title\" content=\"Kostenloses E-Learning und Materialien zum Datenschutz!\" \/>\n<meta property=\"og:description\" content=\"GDPRism unterst\u00fctzt Organisationen und Mitarbeitende im Bildungsbereich sowie alle Interessierten bei der datenschutzkonformen Planung und Durchf\u00fchrung von Projekten. Wir haben hierzu ein umfangreiches und kostenfreies E-Learning entwickelt - inklusive einer Toolbox, die eine Reihe an Vorlagen und Checklisten zur freien Verwendung enth\u00e4lt.\" \/>\n<meta property=\"og:url\" content=\"https:\/\/gdprism.eu\/el\/\" \/>\n<meta property=\"og:site_name\" content=\"GDPRism\" \/>\n<meta property=\"article:modified_time\" content=\"2024-01-31T08:20:06+00:00\" \/>\n<meta property=\"og:image\" content=\"https:\/\/gdprism.eu\/wp-content\/uploads\/2024\/01\/online-course-5249512_640-Kopie.png\" \/>\n\t<meta property=\"og:image:width\" content=\"640\" \/>\n\t<meta property=\"og:image:height\" content=\"360\" \/>\n\t<meta property=\"og:image:type\" content=\"image\/png\" \/>\n<meta name=\"twitter:card\" content=\"summary_large_image\" \/>\n<meta name=\"twitter:label1\" content=\"\u0395\u03ba\u03c4\u03b9\u03bc\u03ce\u03bc\u03b5\u03bd\u03bf\u03c2 \u03c7\u03c1\u03cc\u03bd\u03bf\u03c2 \u03b1\u03bd\u03ac\u03b3\u03bd\u03c9\u03c3\u03b7\u03c2\" \/>\n\t<meta name=\"twitter:data1\" content=\"3 \u03bb\u03b5\u03c0\u03c4\u03ac\" \/>\n<script type=\"application\/ld+json\" class=\"yoast-schema-graph\">{\"@context\":\"https:\/\/schema.org\",\"@graph\":[{\"@type\":\"WebPage\",\"@id\":\"https:\/\/gdprism.eu\/el\/\",\"url\":\"https:\/\/gdprism.eu\/el\/\",\"name\":\"Intro - GDPRism\",\"isPartOf\":{\"@id\":\"https:\/\/gdprism.eu\/el\/#website\"},\"primaryImageOfPage\":{\"@id\":\"https:\/\/gdprism.eu\/el\/#primaryimage\"},\"image\":{\"@id\":\"https:\/\/gdprism.eu\/el\/#primaryimage\"},\"thumbnailUrl\":\"https:\/\/gdprism.eu\/wp-content\/uploads\/2024\/01\/online-course-5249512_640-Kopie.png\",\"datePublished\":\"2022-10-31T15:21:10+00:00\",\"dateModified\":\"2024-01-31T08:20:06+00:00\",\"description\":\"GDPRism unterst\u00fctzt alle Interessierten bei der datenschutzkonformen Planung und Durchf\u00fchrung von Projekten. Wir haben hierzu ein umfangreiches und kostenfreies E-Learning entwickelt - inklusive einer Toolbox, die eine Reihe an Vorlagen und Checklisten zur freien Verwendung enth\u00e4lt\",\"breadcrumb\":{\"@id\":\"https:\/\/gdprism.eu\/el\/#breadcrumb\"},\"inLanguage\":\"el\",\"potentialAction\":[{\"@type\":\"ReadAction\",\"target\":[\"https:\/\/gdprism.eu\/el\/\"]}]},{\"@type\":\"ImageObject\",\"inLanguage\":\"el\",\"@id\":\"https:\/\/gdprism.eu\/el\/#primaryimage\",\"url\":\"https:\/\/gdprism.eu\/wp-content\/uploads\/2024\/01\/online-course-5249512_640-Kopie.png\",\"contentUrl\":\"https:\/\/gdprism.eu\/wp-content\/uploads\/2024\/01\/online-course-5249512_640-Kopie.png\",\"width\":640,\"height\":360},{\"@type\":\"BreadcrumbList\",\"@id\":\"https:\/\/gdprism.eu\/el\/#breadcrumb\",\"itemListElement\":[{\"@type\":\"ListItem\",\"position\":1,\"name\":\"Startseite\",\"item\":\"https:\/\/gdprism.eu\/el\/\"},{\"@type\":\"ListItem\",\"position\":2,\"name\":\"Intro\"}]},{\"@type\":\"WebSite\",\"@id\":\"https:\/\/gdprism.eu\/el\/#website\",\"url\":\"https:\/\/gdprism.eu\/el\/\",\"name\":\"GDPRism\",\"description\":\"GDPRism - Practical data protection in education and projects\",\"publisher\":{\"@id\":\"https:\/\/gdprism.eu\/el\/#organization\"},\"potentialAction\":[{\"@type\":\"SearchAction\",\"target\":{\"@type\":\"EntryPoint\",\"urlTemplate\":\"https:\/\/gdprism.eu\/el\/?s={search_term_string}\"},\"query-input\":{\"@type\":\"PropertyValueSpecification\",\"valueRequired\":true,\"valueName\":\"search_term_string\"}}],\"inLanguage\":\"el\"},{\"@type\":\"Organization\",\"@id\":\"https:\/\/gdprism.eu\/el\/#organization\",\"name\":\"GDPRism\",\"url\":\"https:\/\/gdprism.eu\/el\/\",\"logo\":{\"@type\":\"ImageObject\",\"inLanguage\":\"el\",\"@id\":\"https:\/\/gdprism.eu\/el\/#\/schema\/logo\/image\/\",\"url\":\"https:\/\/gdprism.eu\/wp-content\/uploads\/2022\/10\/cropped-logowp.png\",\"contentUrl\":\"https:\/\/gdprism.eu\/wp-content\/uploads\/2022\/10\/cropped-logowp.png\",\"width\":120,\"height\":90,\"caption\":\"GDPRism\"},\"image\":{\"@id\":\"https:\/\/gdprism.eu\/el\/#\/schema\/logo\/image\/\"}}]}<\/script>\n<!-- \/ Yoast SEO plugin. -->","yoast_head_json":{"title":"Intro - GDPRism","description":"GDPRism unterst\u00fctzt alle Interessierten bei der datenschutzkonformen Planung und Durchf\u00fchrung von Projekten. Wir haben hierzu ein umfangreiches und kostenfreies E-Learning entwickelt - inklusive einer Toolbox, die eine Reihe an Vorlagen und Checklisten zur freien Verwendung enth\u00e4lt","robots":{"index":"index","follow":"follow","max-snippet":"max-snippet:-1","max-image-preview":"max-image-preview:large","max-video-preview":"max-video-preview:-1"},"canonical":"https:\/\/gdprism.eu\/el\/","og_locale":"el_GR","og_type":"article","og_title":"Kostenloses E-Learning und Materialien zum Datenschutz!","og_description":"GDPRism unterst\u00fctzt Organisationen und Mitarbeitende im Bildungsbereich sowie alle Interessierten bei der datenschutzkonformen Planung und Durchf\u00fchrung von Projekten. Wir haben hierzu ein umfangreiches und kostenfreies E-Learning entwickelt - inklusive einer Toolbox, die eine Reihe an Vorlagen und Checklisten zur freien Verwendung enth\u00e4lt.","og_url":"https:\/\/gdprism.eu\/el\/","og_site_name":"GDPRism","article_modified_time":"2024-01-31T08:20:06+00:00","og_image":[{"width":640,"height":360,"url":"https:\/\/gdprism.eu\/wp-content\/uploads\/2024\/01\/online-course-5249512_640-Kopie.png","type":"image\/png"}],"twitter_card":"summary_large_image","twitter_misc":{"\u0395\u03ba\u03c4\u03b9\u03bc\u03ce\u03bc\u03b5\u03bd\u03bf\u03c2 \u03c7\u03c1\u03cc\u03bd\u03bf\u03c2 \u03b1\u03bd\u03ac\u03b3\u03bd\u03c9\u03c3\u03b7\u03c2":"3 \u03bb\u03b5\u03c0\u03c4\u03ac"},"schema":{"@context":"https:\/\/schema.org","@graph":[{"@type":"WebPage","@id":"https:\/\/gdprism.eu\/el\/","url":"https:\/\/gdprism.eu\/el\/","name":"Intro - GDPRism","isPartOf":{"@id":"https:\/\/gdprism.eu\/el\/#website"},"primaryImageOfPage":{"@id":"https:\/\/gdprism.eu\/el\/#primaryimage"},"image":{"@id":"https:\/\/gdprism.eu\/el\/#primaryimage"},"thumbnailUrl":"https:\/\/gdprism.eu\/wp-content\/uploads\/2024\/01\/online-course-5249512_640-Kopie.png","datePublished":"2022-10-31T15:21:10+00:00","dateModified":"2024-01-31T08:20:06+00:00","description":"GDPRism unterst\u00fctzt alle Interessierten bei der datenschutzkonformen Planung und Durchf\u00fchrung von Projekten. Wir haben hierzu ein umfangreiches und kostenfreies E-Learning entwickelt - inklusive einer Toolbox, die eine Reihe an Vorlagen und Checklisten zur freien Verwendung enth\u00e4lt","breadcrumb":{"@id":"https:\/\/gdprism.eu\/el\/#breadcrumb"},"inLanguage":"el","potentialAction":[{"@type":"ReadAction","target":["https:\/\/gdprism.eu\/el\/"]}]},{"@type":"ImageObject","inLanguage":"el","@id":"https:\/\/gdprism.eu\/el\/#primaryimage","url":"https:\/\/gdprism.eu\/wp-content\/uploads\/2024\/01\/online-course-5249512_640-Kopie.png","contentUrl":"https:\/\/gdprism.eu\/wp-content\/uploads\/2024\/01\/online-course-5249512_640-Kopie.png","width":640,"height":360},{"@type":"BreadcrumbList","@id":"https:\/\/gdprism.eu\/el\/#breadcrumb","itemListElement":[{"@type":"ListItem","position":1,"name":"Startseite","item":"https:\/\/gdprism.eu\/el\/"},{"@type":"ListItem","position":2,"name":"Intro"}]},{"@type":"WebSite","@id":"https:\/\/gdprism.eu\/el\/#website","url":"https:\/\/gdprism.eu\/el\/","name":"GDPRism","description":"GDPRism - Practical data protection in education and projects","publisher":{"@id":"https:\/\/gdprism.eu\/el\/#organization"},"potentialAction":[{"@type":"SearchAction","target":{"@type":"EntryPoint","urlTemplate":"https:\/\/gdprism.eu\/el\/?s={search_term_string}"},"query-input":{"@type":"PropertyValueSpecification","valueRequired":true,"valueName":"search_term_string"}}],"inLanguage":"el"},{"@type":"Organization","@id":"https:\/\/gdprism.eu\/el\/#organization","name":"GDPRism","url":"https:\/\/gdprism.eu\/el\/","logo":{"@type":"ImageObject","inLanguage":"el","@id":"https:\/\/gdprism.eu\/el\/#\/schema\/logo\/image\/","url":"https:\/\/gdprism.eu\/wp-content\/uploads\/2022\/10\/cropped-logowp.png","contentUrl":"https:\/\/gdprism.eu\/wp-content\/uploads\/2022\/10\/cropped-logowp.png","width":120,"height":90,"caption":"GDPRism"},"image":{"@id":"https:\/\/gdprism.eu\/el\/#\/schema\/logo\/image\/"}}]}},"_links":{"self":[{"href":"https:\/\/gdprism.eu\/el\/wp-json\/wp\/v2\/pages\/83","targetHints":{"allow":["GET"]}}],"collection":[{"href":"https:\/\/gdprism.eu\/el\/wp-json\/wp\/v2\/pages"}],"about":[{"href":"https:\/\/gdprism.eu\/el\/wp-json\/wp\/v2\/types\/page"}],"author":[{"embeddable":true,"href":"https:\/\/gdprism.eu\/el\/wp-json\/wp\/v2\/users\/1"}],"replies":[{"embeddable":true,"href":"https:\/\/gdprism.eu\/el\/wp-json\/wp\/v2\/comments?post=83"}],"version-history":[{"count":22,"href":"https:\/\/gdprism.eu\/el\/wp-json\/wp\/v2\/pages\/83\/revisions"}],"predecessor-version":[{"id":366,"href":"https:\/\/gdprism.eu\/el\/wp-json\/wp\/v2\/pages\/83\/revisions\/366"}],"wp:featuredmedia":[{"embeddable":true,"href":"https:\/\/gdprism.eu\/el\/wp-json\/wp\/v2\/media\/576"}],"wp:attachment":[{"href":"https:\/\/gdprism.eu\/el\/wp-json\/wp\/v2\/media?parent=83"}],"curies":[{"name":"wp","href":"https:\/\/api.w.org\/{rel}","templated":true}]}}